{"id":1184,"date":"2025-01-07T10:48:30","date_gmt":"2025-01-07T10:48:30","guid":{"rendered":"https:\/\/zarobe.rkinformatika.online\/?page_id=1184"},"modified":"2025-03-17T10:17:50","modified_gmt":"2025-03-17T10:17:50","slug":"motor-fueraborda","status":"publish","type":"page","link":"https:\/\/zarobe.com\/eu\/motor-fueraborda\/","title":{"rendered":"FUERABORDA"},"content":{"rendered":"<div data-elementor-type=\"wp-page\" data-elementor-id=\"1184\" class=\"elementor elementor-1184\" data-elementor-post-type=\"page\">\n\t\t\t\t<div class=\"elementor-element elementor-element-ec5fada e-con-full e-flex e-con e-parent\" data-id=\"ec5fada\" data-element_type=\"container\" data-e-type=\"container\" data-settings=\"{&quot;background_background&quot;:&quot;classic&quot;}\">\n\t\t\t\t<div class=\"elementor-element elementor-element-10b1ed5 elementor-widget__width-initial elementor-widget-tablet__width-initial elementor-invisible elementor-widget elementor-widget-heading\" data-id=\"10b1ed5\" data-element_type=\"widget\" data-e-type=\"widget\" data-settings=\"{&quot;_animation&quot;:&quot;zoomIn&quot;}\" data-widget_type=\"heading.default\">\n\t\t\t\t<div class=\"elementor-widget-container\">\n\t\t\t\t\t<h1 class=\"elementor-heading-title elementor-size-default\">Fueraborda y motor fueraborda<\/h1>\t\t\t\t<\/div>\n\t\t\t\t<\/div>\n\t\t\t\t<\/div>\n\t\t<div class=\"elementor-element elementor-element-878713f e-flex e-con-boxed e-con e-parent\" data-id=\"878713f\" data-element_type=\"container\" data-e-type=\"container\">\n\t\t\t\t\t<div class=\"e-con-inner\">\n\t\t\t\t<div class=\"elementor-element elementor-element-b7bb398 elementor-widget elementor-widget-heading\" data-id=\"b7bb398\" data-element_type=\"widget\" data-e-type=\"widget\" data-widget_type=\"heading.default\">\n\t\t\t\t<div class=\"elementor-widget-container\">\n\t\t\t\t\t<h2 class=\"elementor-heading-title elementor-size-default\">Selecciona aqu\u00ed el modelo de motor fueraborda que m\u00e1s se ajuste a tus necesidades. Contamos con opciones de las principales marcas: Suzuki, Evinrude y Tohatsu. \u00a1P\u00eddenos tu presupuesto y recibe la mejor oferta para tu embarcaci\u00f3n!<\/h2>\t\t\t\t<\/div>\n\t\t\t\t<\/div>\n\t\t\t\t\t<\/div>\n\t\t\t\t<\/div>\n\t\t<div class=\"elementor-element elementor-element-34d8d95 e-flex e-con-boxed e-con e-parent\" data-id=\"34d8d95\" data-element_type=\"container\" data-e-type=\"container\" data-settings=\"{&quot;background_background&quot;:&quot;classic&quot;}\">\n\t\t\t\t\t<div class=\"e-con-inner\">\n\t\t<div class=\"elementor-element elementor-element-813c31b e-con-full e-flex e-con e-child\" data-id=\"813c31b\" data-element_type=\"container\" data-e-type=\"container\">\n\t\t\t\t<div class=\"elementor-element elementor-element-1137484 elementor-widget elementor-widget-heading\" data-id=\"1137484\" data-element_type=\"widget\" data-e-type=\"widget\" data-widget_type=\"heading.default\">\n\t\t\t\t<div class=\"elementor-widget-container\">\n\t\t\t\t\t<h2 class=\"elementor-heading-title elementor-size-default\">Marcas en las que puedes confiar<\/h2>\t\t\t\t<\/div>\n\t\t\t\t<\/div>\n\t\t\t\t<\/div>\n\t\t<div class=\"elementor-element elementor-element-2cbeb35 e-con-full e-flex e-con e-child\" data-id=\"2cbeb35\" data-element_type=\"container\" data-e-type=\"container\">\n\t\t\t\t<div class=\"elementor-element elementor-element-29d52b7 elementor-widget__width-initial elementor-position-top elementor-widget elementor-widget-image-box\" data-id=\"29d52b7\" data-element_type=\"widget\" data-e-type=\"widget\" data-widget_type=\"image-box.default\">\n\t\t\t\t<div class=\"elementor-widget-container\">\n\t\t\t\t\t<div class=\"elementor-image-box-wrapper\"><figure class=\"elementor-image-box-img\"><a href=\"https:\/\/www.evinrude.com\/es\/es\/\" target=\"_blank\" tabindex=\"-1\"><img decoding=\"async\" width=\"146\" height=\"85\" src=\"https:\/\/zarobe.com\/wp-content\/uploads\/2025\/01\/Captura-desde-2025-01-09-10-16-30-1.png\" class=\"attachment-full size-full wp-image-1581\" alt=\"\" srcset=\"https:\/\/zarobe.com\/wp-content\/uploads\/2025\/01\/Captura-desde-2025-01-09-10-16-30-1.png 146w, https:\/\/zarobe.com\/wp-content\/uploads\/2025\/01\/Captura-desde-2025-01-09-10-16-30-1-18x10.png 18w\" sizes=\"(max-width: 146px) 100vw, 146px\" \/><\/a><\/figure><\/div>\t\t\t\t<\/div>\n\t\t\t\t<\/div>\n\t\t\t\t<\/div>\n\t\t<div class=\"elementor-element elementor-element-2363fb7 e-con-full e-flex e-con e-child\" data-id=\"2363fb7\" data-element_type=\"container\" data-e-type=\"container\">\n\t\t\t\t<div class=\"elementor-element elementor-element-b5c90fc elementor-widget elementor-widget-image\" data-id=\"b5c90fc\" data-element_type=\"widget\" data-e-type=\"widget\" data-widget_type=\"image.default\">\n\t\t\t\t<div class=\"elementor-widget-container\">\n\t\t\t\t\t\t\t\t\t\t\t\t\t\t\t\t<a href=\"https:\/\/www.movilmotors.com\/fuerabordas-suzuki\/\" target=\"_blank\">\n\t\t\t\t\t\t\t<img fetchpriority=\"high\" decoding=\"async\" width=\"1730\" height=\"363\" src=\"https:\/\/zarobe.com\/wp-content\/uploads\/2025\/02\/N-A-U-T-I-C-A-Y-A-S-T-I-L-L-E-R-O-2-e1739200547745.png\" class=\"attachment-full size-full wp-image-2461\" alt=\"\" srcset=\"https:\/\/zarobe.com\/wp-content\/uploads\/2025\/02\/N-A-U-T-I-C-A-Y-A-S-T-I-L-L-E-R-O-2-e1739200547745.png 1730w, https:\/\/zarobe.com\/wp-content\/uploads\/2025\/02\/N-A-U-T-I-C-A-Y-A-S-T-I-L-L-E-R-O-2-e1739200547745-300x63.png 300w, https:\/\/zarobe.com\/wp-content\/uploads\/2025\/02\/N-A-U-T-I-C-A-Y-A-S-T-I-L-L-E-R-O-2-e1739200547745-1024x215.png 1024w, https:\/\/zarobe.com\/wp-content\/uploads\/2025\/02\/N-A-U-T-I-C-A-Y-A-S-T-I-L-L-E-R-O-2-e1739200547745-768x161.png 768w, https:\/\/zarobe.com\/wp-content\/uploads\/2025\/02\/N-A-U-T-I-C-A-Y-A-S-T-I-L-L-E-R-O-2-e1739200547745-1536x322.png 1536w, https:\/\/zarobe.com\/wp-content\/uploads\/2025\/02\/N-A-U-T-I-C-A-Y-A-S-T-I-L-L-E-R-O-2-e1739200547745-18x4.png 18w\" sizes=\"(max-width: 1730px) 100vw, 1730px\" \/>\t\t\t\t\t\t\t\t<\/a>\n\t\t\t\t\t\t\t\t\t\t\t\t\t\t\t<\/div>\n\t\t\t\t<\/div>\n\t\t\t\t<\/div>\n\t\t<div class=\"elementor-element elementor-element-b08b702 e-con-full e-flex e-con e-child\" data-id=\"b08b702\" data-element_type=\"container\" data-e-type=\"container\">\n\t\t\t\t<div class=\"elementor-element elementor-element-98e25d2 elementor-widget__width-initial elementor-position-top elementor-widget elementor-widget-image-box\" data-id=\"98e25d2\" data-element_type=\"widget\" data-e-type=\"widget\" data-widget_type=\"image-box.default\">\n\t\t\t\t<div class=\"elementor-widget-container\">\n\t\t\t\t\t<div class=\"elementor-image-box-wrapper\"><figure class=\"elementor-image-box-img\"><a href=\"https:\/\/www.tohatsu.es\/\" target=\"_blank\" tabindex=\"-1\"><img decoding=\"async\" width=\"2000\" height=\"1100\" src=\"https:\/\/zarobe.com\/wp-content\/uploads\/2025\/02\/tohatsu-1.png\" class=\"attachment-full size-full wp-image-2699\" alt=\"\" srcset=\"https:\/\/zarobe.com\/wp-content\/uploads\/2025\/02\/tohatsu-1.png 2000w, https:\/\/zarobe.com\/wp-content\/uploads\/2025\/02\/tohatsu-1-300x165.png 300w, https:\/\/zarobe.com\/wp-content\/uploads\/2025\/02\/tohatsu-1-1024x563.png 1024w, https:\/\/zarobe.com\/wp-content\/uploads\/2025\/02\/tohatsu-1-768x422.png 768w, https:\/\/zarobe.com\/wp-content\/uploads\/2025\/02\/tohatsu-1-1536x845.png 1536w, https:\/\/zarobe.com\/wp-content\/uploads\/2025\/02\/tohatsu-1-18x10.png 18w\" sizes=\"(max-width: 2000px) 100vw, 2000px\" \/><\/a><\/figure><\/div>\t\t\t\t<\/div>\n\t\t\t\t<\/div>\n\t\t\t\t<\/div>\n\t\t\t\t\t<\/div>\n\t\t\t\t<\/div>\n\t\t<div class=\"elementor-element elementor-element-f0cc356 e-con-full e-flex e-con e-parent\" data-id=\"f0cc356\" data-element_type=\"container\" data-e-type=\"container\" data-settings=\"{&quot;background_background&quot;:&quot;classic&quot;}\">\n\t\t\t\t<div class=\"elementor-element elementor-element-02e7558 elementor-widget elementor-widget-heading\" data-id=\"02e7558\" data-element_type=\"widget\" data-e-type=\"widget\" data-widget_type=\"heading.default\">\n\t\t\t\t<div class=\"elementor-widget-container\">\n\t\t\t\t\t<h2 class=\"elementor-heading-title elementor-size-default\">\u00bfQu\u00e9 esperas?<\/h2>\t\t\t\t<\/div>\n\t\t\t\t<\/div>\n\t\t\t\t<div class=\"elementor-element elementor-element-75dfa80 elementor-widget elementor-widget-heading\" data-id=\"75dfa80\" data-element_type=\"widget\" data-e-type=\"widget\" data-widget_type=\"heading.default\">\n\t\t\t\t<div class=\"elementor-widget-container\">\n\t\t\t\t\t<h2 class=\"elementor-heading-title elementor-size-default\">Elige aqu\u00ed tu modelo de motor fueraborda y p\u00eddenos, presupuesto.<\/h2>\t\t\t\t<\/div>\n\t\t\t\t<\/div>\n\t\t\t\t<div class=\"elementor-element elementor-element-ae3d5c9 elementor-align-center elementor-widget elementor-widget-button\" data-id=\"ae3d5c9\" data-element_type=\"widget\" data-e-type=\"widget\" data-widget_type=\"button.default\">\n\t\t\t\t<div class=\"elementor-widget-container\">\n\t\t\t\t\t\t\t\t\t<div class=\"elementor-button-wrapper\">\n\t\t\t\t\t<a class=\"elementor-button elementor-button-link elementor-size-sm elementor-animation-bounce-in\" href=\"https:\/\/zarobe.com\/eu\/contacto\/\">\n\t\t\t\t\t\t<span class=\"elementor-button-content-wrapper\">\n\t\t\t\t\t\t\t\t\t<span class=\"elementor-button-text\">\u00a1LLAMAMOS!<\/span>\n\t\t\t\t\t<\/span>\n\t\t\t\t\t<\/a>\n\t\t\t\t<\/div>\n\t\t\t\t\t\t\t\t<\/div>\n\t\t\t\t<\/div>\n\t\t\t\t<\/div>\n\t\t\t\t<\/div>","protected":false},"excerpt":{"rendered":"<p>Marcas en las que puedes confiar \u00bfQu\u00e9 esperas? Elige aqu\u00ed tu modelo de motor fueraborda y p\u00eddenos, presupuesto. \u00a1LLAMAMOS!<\/p>","protected":false},"author":3,"featured_media":0,"parent":0,"menu_order":0,"comment_status":"closed","ping_status":"closed","template":"elementor_canvas","meta":{"footnotes":""},"class_list":["post-1184","page","type-page","status-publish","hentry"],"yoast_head":"<!-- This site is optimized with the Yoast SEO plugin v27.4 - https:\/\/yoast.com\/product\/yoast-seo-wordpress\/ -->\n<title>Fueraborda y motor fueraborda - Zarobe<\/title>\n<meta name=\"description\" content=\"Selecciona aqu\u00ed el modelo de motor fueraborda que m\u00e1s se ajuste a tus necesidades. Contamos con opciones de las principales marcas.\" \/>\n<meta name=\"robots\" content=\"index, follow, max-snippet:-1, max-image-preview:large, max-video-preview:-1\" \/>\n<link rel=\"canonical\" href=\"https:\/\/zarobe.com\/eu\/motor-fueraborda\/\" \/>\n<meta property=\"og:locale\" content=\"en_US\" \/>\n<meta property=\"og:type\" content=\"article\" \/>\n<meta property=\"og:title\" content=\"Fueraborda y motor fueraborda - Zarobe\" \/>\n<meta property=\"og:description\" content=\"Selecciona aqu\u00ed el modelo de motor fueraborda que m\u00e1s se ajuste a tus necesidades. Contamos con opciones de las principales marcas.\" \/>\n<meta property=\"og:url\" content=\"https:\/\/zarobe.com\/eu\/motor-fueraborda\/\" \/>\n<meta property=\"og:site_name\" content=\"Zarobe\" \/>\n<meta property=\"article:modified_time\" content=\"2025-03-17T10:17:50+00:00\" \/>\n<meta property=\"og:image\" content=\"https:\/\/zarobe.com\/wp-content\/uploads\/2025\/01\/Captura-desde-2025-01-09-10-16-30-1.png\" \/>\n<meta name=\"twitter:card\" content=\"summary_large_image\" \/>\n<meta name=\"twitter:label1\" content=\"Est. reading time\" \/>\n\t<meta name=\"twitter:data1\" content=\"1 minutua\" \/>\n<script type=\"application\/ld+json\" class=\"yoast-schema-graph\">{\"@context\":\"https:\\\/\\\/schema.org\",\"@graph\":[{\"@type\":\"WebPage\",\"@id\":\"https:\\\/\\\/zarobe.com\\\/motor-fueraborda\\\/\",\"url\":\"https:\\\/\\\/zarobe.com\\\/motor-fueraborda\\\/\",\"name\":\"Fueraborda y motor fueraborda - Zarobe\",\"isPartOf\":{\"@id\":\"https:\\\/\\\/zarobe.com\\\/#website\"},\"primaryImageOfPage\":{\"@id\":\"https:\\\/\\\/zarobe.com\\\/motor-fueraborda\\\/#primaryimage\"},\"image\":{\"@id\":\"https:\\\/\\\/zarobe.com\\\/motor-fueraborda\\\/#primaryimage\"},\"thumbnailUrl\":\"https:\\\/\\\/zarobe.com\\\/wp-content\\\/uploads\\\/2025\\\/01\\\/Captura-desde-2025-01-09-10-16-30-1.png\",\"datePublished\":\"2025-01-07T10:48:30+00:00\",\"dateModified\":\"2025-03-17T10:17:50+00:00\",\"description\":\"Selecciona aqu\u00ed el modelo de motor fueraborda que m\u00e1s se ajuste a tus necesidades. Contamos con opciones de las principales marcas.\",\"breadcrumb\":{\"@id\":\"https:\\\/\\\/zarobe.com\\\/motor-fueraborda\\\/#breadcrumb\"},\"inLanguage\":\"eu\",\"potentialAction\":[{\"@type\":\"ReadAction\",\"target\":[\"https:\\\/\\\/zarobe.com\\\/motor-fueraborda\\\/\"]}]},{\"@type\":\"ImageObject\",\"inLanguage\":\"eu\",\"@id\":\"https:\\\/\\\/zarobe.com\\\/motor-fueraborda\\\/#primaryimage\",\"url\":\"https:\\\/\\\/zarobe.com\\\/wp-content\\\/uploads\\\/2025\\\/01\\\/Captura-desde-2025-01-09-10-16-30-1.png\",\"contentUrl\":\"https:\\\/\\\/zarobe.com\\\/wp-content\\\/uploads\\\/2025\\\/01\\\/Captura-desde-2025-01-09-10-16-30-1.png\"},{\"@type\":\"BreadcrumbList\",\"@id\":\"https:\\\/\\\/zarobe.com\\\/motor-fueraborda\\\/#breadcrumb\",\"itemListElement\":[{\"@type\":\"ListItem\",\"position\":1,\"name\":\"Portada\",\"item\":\"https:\\\/\\\/zarobe.com\\\/\"},{\"@type\":\"ListItem\",\"position\":2,\"name\":\"Fueraborda\"}]},{\"@type\":\"WebSite\",\"@id\":\"https:\\\/\\\/zarobe.com\\\/#website\",\"url\":\"https:\\\/\\\/zarobe.com\\\/\",\"name\":\"Zarobe\",\"description\":\"Venta y reparaci\u00f3n de embarcaciones de fibra de construcci\u00f3n propia, olaciregui, ademas de otras marcas: jeaneau, saver, cap camarat.... concesionario taller oficial: evinrude y suzuki\",\"publisher\":{\"@id\":\"https:\\\/\\\/zarobe.com\\\/#organization\"},\"alternateName\":\"Zarobe, N\u00e1utica y Astillero\",\"potentialAction\":[{\"@type\":\"SearchAction\",\"target\":{\"@type\":\"EntryPoint\",\"urlTemplate\":\"https:\\\/\\\/zarobe.com\\\/?s={search_term_string}\"},\"query-input\":{\"@type\":\"PropertyValueSpecification\",\"valueRequired\":true,\"valueName\":\"search_term_string\"}}],\"inLanguage\":\"eu\"},{\"@type\":\"Organization\",\"@id\":\"https:\\\/\\\/zarobe.com\\\/#organization\",\"name\":\"Zarobe\",\"url\":\"https:\\\/\\\/zarobe.com\\\/\",\"logo\":{\"@type\":\"ImageObject\",\"inLanguage\":\"eu\",\"@id\":\"https:\\\/\\\/zarobe.com\\\/#\\\/schema\\\/logo\\\/image\\\/\",\"url\":\"https:\\\/\\\/zarobe.com\\\/wp-content\\\/uploads\\\/2024\\\/10\\\/cropped-Imagen-pegada-e1738931226884.png\",\"contentUrl\":\"https:\\\/\\\/zarobe.com\\\/wp-content\\\/uploads\\\/2024\\\/10\\\/cropped-Imagen-pegada-e1738931226884.png\",\"width\":500,\"height\":177,\"caption\":\"Zarobe\"},\"image\":{\"@id\":\"https:\\\/\\\/zarobe.com\\\/#\\\/schema\\\/logo\\\/image\\\/\"}}]}<\/script>\n<!-- \/ Yoast SEO plugin. -->","yoast_head_json":{"title":"Fueraborda y motor fueraborda - Zarobe","description":"Selecciona aqu\u00ed el modelo de motor fueraborda que m\u00e1s se ajuste a tus necesidades. Contamos con opciones de las principales marcas.","robots":{"index":"index","follow":"follow","max-snippet":"max-snippet:-1","max-image-preview":"max-image-preview:large","max-video-preview":"max-video-preview:-1"},"canonical":"https:\/\/zarobe.com\/eu\/motor-fueraborda\/","og_locale":"en_US","og_type":"article","og_title":"Fueraborda y motor fueraborda - Zarobe","og_description":"Selecciona aqu\u00ed el modelo de motor fueraborda que m\u00e1s se ajuste a tus necesidades. Contamos con opciones de las principales marcas.","og_url":"https:\/\/zarobe.com\/eu\/motor-fueraborda\/","og_site_name":"Zarobe","article_modified_time":"2025-03-17T10:17:50+00:00","og_image":[{"url":"https:\/\/zarobe.com\/wp-content\/uploads\/2025\/01\/Captura-desde-2025-01-09-10-16-30-1.png","type":"","width":"","height":""}],"twitter_card":"summary_large_image","twitter_misc":{"Est. reading time":"1 minutua"},"schema":{"@context":"https:\/\/schema.org","@graph":[{"@type":"WebPage","@id":"https:\/\/zarobe.com\/motor-fueraborda\/","url":"https:\/\/zarobe.com\/motor-fueraborda\/","name":"Fueraborda y motor fueraborda - Zarobe","isPartOf":{"@id":"https:\/\/zarobe.com\/#website"},"primaryImageOfPage":{"@id":"https:\/\/zarobe.com\/motor-fueraborda\/#primaryimage"},"image":{"@id":"https:\/\/zarobe.com\/motor-fueraborda\/#primaryimage"},"thumbnailUrl":"https:\/\/zarobe.com\/wp-content\/uploads\/2025\/01\/Captura-desde-2025-01-09-10-16-30-1.png","datePublished":"2025-01-07T10:48:30+00:00","dateModified":"2025-03-17T10:17:50+00:00","description":"Selecciona aqu\u00ed el modelo de motor fueraborda que m\u00e1s se ajuste a tus necesidades. Contamos con opciones de las principales marcas.","breadcrumb":{"@id":"https:\/\/zarobe.com\/motor-fueraborda\/#breadcrumb"},"inLanguage":"eu","potentialAction":[{"@type":"ReadAction","target":["https:\/\/zarobe.com\/motor-fueraborda\/"]}]},{"@type":"ImageObject","inLanguage":"eu","@id":"https:\/\/zarobe.com\/motor-fueraborda\/#primaryimage","url":"https:\/\/zarobe.com\/wp-content\/uploads\/2025\/01\/Captura-desde-2025-01-09-10-16-30-1.png","contentUrl":"https:\/\/zarobe.com\/wp-content\/uploads\/2025\/01\/Captura-desde-2025-01-09-10-16-30-1.png"},{"@type":"BreadcrumbList","@id":"https:\/\/zarobe.com\/motor-fueraborda\/#breadcrumb","itemListElement":[{"@type":"ListItem","position":1,"name":"Portada","item":"https:\/\/zarobe.com\/"},{"@type":"ListItem","position":2,"name":"Fueraborda"}]},{"@type":"WebSite","@id":"https:\/\/zarobe.com\/#website","url":"https:\/\/zarobe.com\/","name":"Zarobe","description":"Venta y reparaci\u00f3n de embarcaciones de fibra de construcci\u00f3n propia, olaciregui, ademas de otras marcas: jeaneau, saver, cap camarat.... concesionario taller oficial: evinrude y suzuki","publisher":{"@id":"https:\/\/zarobe.com\/#organization"},"alternateName":"Zarobe, N\u00e1utica y Astillero","potentialAction":[{"@type":"SearchAction","target":{"@type":"EntryPoint","urlTemplate":"https:\/\/zarobe.com\/?s={search_term_string}"},"query-input":{"@type":"PropertyValueSpecification","valueRequired":true,"valueName":"search_term_string"}}],"inLanguage":"eu"},{"@type":"Organization","@id":"https:\/\/zarobe.com\/#organization","name":"Zarobe","url":"https:\/\/zarobe.com\/","logo":{"@type":"ImageObject","inLanguage":"eu","@id":"https:\/\/zarobe.com\/#\/schema\/logo\/image\/","url":"https:\/\/zarobe.com\/wp-content\/uploads\/2024\/10\/cropped-Imagen-pegada-e1738931226884.png","contentUrl":"https:\/\/zarobe.com\/wp-content\/uploads\/2024\/10\/cropped-Imagen-pegada-e1738931226884.png","width":500,"height":177,"caption":"Zarobe"},"image":{"@id":"https:\/\/zarobe.com\/#\/schema\/logo\/image\/"}}]}},"_links":{"self":[{"href":"https:\/\/zarobe.com\/eu\/wp-json\/wp\/v2\/pages\/1184","targetHints":{"allow":["GET"]}}],"collection":[{"href":"https:\/\/zarobe.com\/eu\/wp-json\/wp\/v2\/pages"}],"about":[{"href":"https:\/\/zarobe.com\/eu\/wp-json\/wp\/v2\/types\/page"}],"author":[{"embeddable":true,"href":"https:\/\/zarobe.com\/eu\/wp-json\/wp\/v2\/users\/3"}],"replies":[{"embeddable":true,"href":"https:\/\/zarobe.com\/eu\/wp-json\/wp\/v2\/comments?post=1184"}],"version-history":[{"count":142,"href":"https:\/\/zarobe.com\/eu\/wp-json\/wp\/v2\/pages\/1184\/revisions"}],"predecessor-version":[{"id":2871,"href":"https:\/\/zarobe.com\/eu\/wp-json\/wp\/v2\/pages\/1184\/revisions\/2871"}],"wp:attachment":[{"href":"https:\/\/zarobe.com\/eu\/wp-json\/wp\/v2\/media?parent=1184"}],"curies":[{"name":"wp","href":"https:\/\/api.w.org\/{rel}","templated":true}]}}